{"id":1716,"date":"2023-05-09T11:39:54","date_gmt":"2023-05-09T09:39:54","guid":{"rendered":"https:\/\/aleksandra-civric-heim.com\/work-with-me\/"},"modified":"2025-01-23T21:19:14","modified_gmt":"2025-01-23T20:19:14","slug":"work-with-me","status":"publish","type":"page","link":"https:\/\/aleksandra-civric-heim.com\/en\/work-with-me\/","title":{"rendered":"Work with me"},"content":{"rendered":"\r\n<h2>Bei mir erhalten Sie&#8230;<\/h2>\r\n<p>&#8230; ma\u00dfgeschneiderte Dienstleistungen und Workshops, die darauf ausgerichtet sind, Ihre Produktivit\u00e4t zu steigern, Ihre Ziele effektiver zu erreichen und Ihr Selbstmanagement auf den n\u00e4chsten Level zu heben. Als erfahrene Allrounderin und Expertin f\u00fcr z.B. Projektmanagement, Lean und Selbstmanagement stehe ich Ihnen als vertrauensw\u00fcrdiger Partner zur Seite.<\/p>\r\n<p><img loading=\"lazy\" decoding=\"async\" title=\"sandy1\" src=\"https:\/\/aleksandra-civric-heim.com\/wp-content\/uploads\/2023\/06\/sandy1.jpg\" alt=\"sandy1\" width=\"1200\" height=\"997\" \/><\/p>\r\n<h3><a href=\"https:\/\/aleksandra-civric-heim.com\/kontakt\/\" target=\"_self\" rel=\"noopener\">Beratung f\u00fcr Ihr Unternehmen<\/a><\/h3>\r\n<p><a href=\"https:\/\/aleksandra-civric-heim.com\/kontakt\/\" target=\"_self\" rel=\"noopener\"> <img loading=\"lazy\" decoding=\"async\" title=\"Trainings-und-Workshops\" src=\"https:\/\/aleksandra-civric-heim.com\/wp-content\/uploads\/bb-plugin\/cache\/Trainings-und-Workshops-square-01d8b702181ba731686c6dac2e50cec5-.png\" alt=\"Trainings-und-Workshops\" width=\"600\" height=\"600\" \/> <\/a><\/p>\r\n<p>Sie stehen vor komplexen Herausforderungen in Ihrem Unternehmen und ben\u00f6tigen einen erfahrenen Berater, der Sie auf Ihrem Weg zum Erfolg begleitet?<\/p>\r\n<p>Gemeinsam k\u00f6nnen wir Ihre ma\u00dfgeschneiderte Produktivit\u00e4ts-L\u00f6sung entwickeln, um Ihre individuellen Herausforderungen zu meistern und Ihre Ziele zu erreichen.<\/p>\r\n<p><a href=\"https:\/\/aleksandra-civric-heim.com\/kontakt\/\" target=\"_self\" rel=\"noopener\"> Produktivit\u00e4tsdiagnose buchen <\/a><\/p>\r\n<h3><a href=\"https:\/\/aleksandra-civric-heim.com\/trainings-und-workshops\/\" target=\"_self\" rel=\"noopener\">Workshops &amp; Trainings<\/a><\/h3>\r\n<p><a href=\"https:\/\/aleksandra-civric-heim.com\/trainings-und-workshops\/\" target=\"_self\" rel=\"noopener\"> <img loading=\"lazy\" decoding=\"async\" title=\"Unternehmens-Beratung\" src=\"https:\/\/aleksandra-civric-heim.com\/wp-content\/uploads\/bb-plugin\/cache\/Unternehmens-Beratung-square-a086f1a8fa4015e9dbfe896f35088c74-.png\" alt=\"Unternehmens-Beratung\" width=\"600\" height=\"600\" \/> <\/a><\/p>\r\n<p>M\u00f6chten Sie und Ihr Team Ihre F\u00e4higkeiten verbessern und innovative L\u00f6sungen f\u00fcr Ihre Herausforderungen finden?<\/p>\r\n<p>In ma\u00dfgeschneiderten Workshops biete ich Ihnen wertvolle Impulse und begleite Sie bei der Umsetzung. Durch interaktive Formate, Zeit f\u00fcr Diskussonen und vieles mehr, werden Sie in einem inspirierenden Umfeld neue Perspektiven gewinnen.<\/p>\r\n<p><a href=\"https:\/\/aleksandra-civric-heim.com\/trainings-und-workshops\/\" target=\"_self\" rel=\"noopener\"> Workshops &amp; Trainings entdecken <\/a><\/p>\r\n<h3><a href=\"https:\/\/outlook.office365.com\/owa\/calendar\/Coaching@aleksandra-civric-heim.com\/bookings\/\" target=\"_self\" rel=\"noopener\">Business-Coaching<\/a><\/h3>\r\n<p><a href=\"https:\/\/outlook.office365.com\/owa\/calendar\/Coaching@aleksandra-civric-heim.com\/bookings\/\" target=\"_self\" rel=\"noopener\"> <img loading=\"lazy\" decoding=\"async\" title=\"Bild1\" src=\"https:\/\/aleksandra-civric-heim.com\/wp-content\/uploads\/bb-plugin\/cache\/Bild1-square-bcda82886b75fdf163b5b77866211bfb-.png\" alt=\"Bild1\" width=\"600\" height=\"600\" \/> <\/a><\/p>\r\n<p>Sie m\u00f6chten ganz individuell an bestimmten Themen arbeiten um, ihre eigene Produktivit\u00e4t zu erh\u00f6hen? Ich unterst\u00fctze Sie dabei, Ihre individuellen Ziele zu definieren und konkrete Schritte zur Umsetzung zu planen. Ich biete Ihnen einen wertsch\u00e4tzenden Raum zum Denken und Wachsen.<\/p>\r\n<p>Lernen Sie mich doch einfach pers\u00f6nlich kennen, bevor Sie sich f\u00fcr mich entscheiden.<\/p>\r\n<p><a href=\"https:\/\/outlook.office365.com\/owa\/calendar\/Coaching@aleksandra-civric-heim.com\/bookings\/\" target=\"_self\" rel=\"noopener\"> Chemistry Meeting buchen <\/a><\/p>\r\n<h2>Was w\u00fcrde Ihnen weiterhelfen?<\/h2>\r\n<p>Wenn Sie sich nicht sicher sind, welches Angebot am besten zu Ihren Bedu\u0308rfnissen passt, lassen Sie mich Ihnen helfen. Buchen Sie eine individuelle Erstberatung, um Ihre Produktivit\u00e4tsdiagnose zu erhalten. Gemeinsam finden wir die beste L\u00f6sung fu\u0308r Ihre Produktivit\u00e4tsziele.<\/p>\r\n<p><a href=\"https:\/\/aleksandra-civric-heim.com\/kontakt\/\" target=\"_self\" rel=\"noopener\"> BUCHEN SIE JETZT IHRE PRODUKTIVIT\u00c4TSDIAGNOSE <\/a><\/p>\r\n<h3>Wie gehe ich vor?<\/h3>\r\n<p>Ich unterst\u00fctze Sie und Ihre Organisation passgenau und effektiv, weil ich Ihre Situation, Bed\u00fcrfnisse, Ziele und Erwartungen verstanden habe. In unserer Auftragskl\u00e4rung entscheiden wir gemeinsam, welche Form und welcher Weg f\u00fcr Sie, Ihr Team, Ihre Organisation am besten geeignet ist..<\/p>\r\n<h3>Kontakt, Kennenlernen, Ausgangssituation<\/h3>\r\n<p>Wir lernen uns kennen und besprechen die Ist-Situation und Ihre Herausforderungen.<\/p>\r\n<p>Label<\/p>\r\n<h3>Zielbeschreibung\/ Kl\u00e4rung des Wunschergebnisses<\/h3>\r\n<p>Wir erarbeiten Ihr Ziel und kl\u00e4ren, was Sie erreichen wollen.<\/p>\r\n<p>Label<\/p>\r\n<h3>Definition von Inhalt, Format und Methoden<\/h3>\r\n<p>Ich schlage Ihnen moderne und passgenaue L\u00f6sungsans\u00e4tze vor.<\/p>\r\n<h3>Umsetzung und Fortschrittsmonitoring<\/h3>\r\n<p>Die geplante Ma\u00dfnahme wird umgesetzt und wir sehen gemeinsam auf die Ergebniswirksamkeit.<\/p>\r\n<h3>ggf. Accountability-Partner<\/h3>\r\n<p>Wenn Sie das w\u00fcnschen, begleite ich die Nachhaltigkeit der erfolgreich abgeschlossenen Ma\u00dfnahme mit zuvor gemeinsam vereinbarten Check-ups.<\/p>\r\n<h2>Entdecken Sie Ihr ma\u00dfgeschneidertes Produktivit\u00e4tsangebot<\/h2>\r\n<p>Wenn Sie sich nicht sicher sind, welches Angebot am besten zu Ihren Bed\u00fcrfnissen passt, lassen Sie mich Ihnen helfen. Klicken Sie hier, um eine individuelle Beratung zu erhalten und Ihre Produktivit\u00e4tsdiagnose zu buchen. Gemeinsam finden wir die beste L\u00f6sung f\u00fcr Ihre Produktivit\u00e4tsziele.<\/p>\r\n<p><a href=\"https:\/\/aleksandra-civric-heim.com\/kontakt\/\" target=\"_self\" rel=\"noopener\"> BUCHEN SIE JETZT IHRE PRODUKTIVIT\u00c4TSDIAGNOSE <\/a><\/p>\r\n","protected":false},"excerpt":{"rendered":"<p>Bei mir erhalten Sie&#8230; &#8230; ma\u00dfgeschneiderte Dienstleistungen und Workshops, die darauf ausgerichtet sind, Ihre Produktivit\u00e4t zu steigern, Ihre Ziele effektiver zu erreichen und Ihr Selbstmanagement auf den n\u00e4chsten Level zu heben. Als erfahrene Allrounderin und Expertin f\u00fcr z.B. Projektmanagement, Lean und Selbstmanagement stehe ich Ihnen als vertrauensw\u00fcrdiger Partner zur Seite. Beratung f\u00fcr Ihr Unternehmen Sie [&hellip;]<\/p>\n","protected":false},"author":1,"featured_media":0,"parent":0,"menu_order":0,"comment_status":"closed","ping_status":"closed","template":"","meta":{"site-sidebar-layout":"no-sidebar","site-content-layout":"page-builder","ast-site-content-layout":"full-width-container","site-content-style":"unboxed","site-sidebar-style":"unboxed","ast-global-header-display":"","ast-banner-title-visibility":"","ast-main-header-display":"","ast-hfb-above-header-display":"","ast-hfb-below-header-display":"","ast-hfb-mobile-header-display":"","site-post-title":"disabled","ast-breadcrumbs-content":"","ast-featured-img":"disabled","footer-sml-layout":"","theme-transparent-header-meta":"default","adv-header-id-meta":"","stick-header-meta":"default","header-above-stick-meta":"","header-main-stick-meta":"","header-below-stick-meta":"","astra-migrate-meta-layouts":"set","ast-page-background-enabled":"default","ast-page-background-meta":{"desktop":{"background-color":"","background-image":"","background-repeat":"repeat","background-position":"center center","background-size":"auto","background-attachment":"scroll","background-type":"","background-media":"","overlay-type":"","overlay-color":"","overlay-gradient":""},"tablet":{"background-color":"","background-image":"","background-repeat":"repeat","background-position":"center center","background-size":"auto","background-attachment":"scroll","background-type":"","background-media":"","overlay-type":"","overlay-color":"","overlay-gradient":""},"mobile":{"background-color":"","background-image":"","background-repeat":"repeat","background-position":"center center","background-size":"auto","background-attachment":"scroll","background-type":"","background-media":"","overlay-type":"","overlay-color":"","overlay-gradient":""}},"ast-content-background-meta":{"desktop":{"background-color":"var(--ast-global-color-5)","background-image":"","background-repeat":"repeat","background-position":"center center","background-size":"auto","background-attachment":"scroll","background-type":"","background-media":"","overlay-type":"","overlay-color":"","overlay-gradient":""},"tablet":{"background-color":"var(--ast-global-color-5)","background-image":"","background-repeat":"repeat","background-position":"center center","background-size":"auto","background-attachment":"scroll","background-type":"","background-media":"","overlay-type":"","overlay-color":"","overlay-gradient":""},"mobile":{"background-color":"var(--ast-global-color-5)","background-image":"","background-repeat":"repeat","background-position":"center center","background-size":"auto","background-attachment":"scroll","background-type":"","background-media":"","overlay-type":"","overlay-color":"","overlay-gradient":""}},"footnotes":""},"class_list":["post-1716","page","type-page","status-publish","hentry"],"_links":{"self":[{"href":"https:\/\/aleksandra-civric-heim.com\/en\/wp-json\/wp\/v2\/pages\/1716","targetHints":{"allow":["GET"]}}],"collection":[{"href":"https:\/\/aleksandra-civric-heim.com\/en\/wp-json\/wp\/v2\/pages"}],"about":[{"href":"https:\/\/aleksandra-civric-heim.com\/en\/wp-json\/wp\/v2\/types\/page"}],"author":[{"embeddable":true,"href":"https:\/\/aleksandra-civric-heim.com\/en\/wp-json\/wp\/v2\/users\/1"}],"replies":[{"embeddable":true,"href":"https:\/\/aleksandra-civric-heim.com\/en\/wp-json\/wp\/v2\/comments?post=1716"}],"version-history":[{"count":2,"href":"https:\/\/aleksandra-civric-heim.com\/en\/wp-json\/wp\/v2\/pages\/1716\/revisions"}],"predecessor-version":[{"id":2128,"href":"https:\/\/aleksandra-civric-heim.com\/en\/wp-json\/wp\/v2\/pages\/1716\/revisions\/2128"}],"wp:attachment":[{"href":"https:\/\/aleksandra-civric-heim.com\/en\/wp-json\/wp\/v2\/media?parent=1716"}],"curies":[{"name":"wp","href":"https:\/\/api.w.org\/{rel}","templated":true}]}}