{"id":1717,"date":"2023-05-09T11:40:07","date_gmt":"2023-05-09T09:40:07","guid":{"rendered":"https:\/\/aleksandra-civric-heim.com\/testimonials\/"},"modified":"2025-06-12T09:44:52","modified_gmt":"2025-06-12T07:44:52","slug":"testimonials","status":"publish","type":"page","link":"https:\/\/aleksandra-civric-heim.com\/en\/testimonials\/","title":{"rendered":"Testimonials"},"content":{"rendered":"\r\n<h2>Was Kunden sagen<\/h2>\r\n<p>Ich lege gro\u00dfen Wert auf Nachhaltigkeit und befrage meine Kunden grunds\u00e4tzlich Monate nach dem Abschluss einer Ma\u00dfnahme. Dieses Kundenfeedback ist entscheidend fu\u0308r meine weitere Produkt- und Methodenentwicklung. Au\u00dferdem stehen bei mir lange und vertrauensvolle Kundenbeziehungen im Mittelpunkt.<\/p>\r\n<p><img decoding=\"async\" title=\"AM\" src=\"https:\/\/aleksandra-civric-heim.com\/wp-content\/uploads\/bb-plugin\/cache\/AM-scaled-e1708806121425-circle.jpg\" alt=\"AM\" \/><\/p>\r\n<h4 class=\"uabb-testimonial-author-name testimonial-author-name\">Audrey MoutonGroup Quality Manager &amp; Project Management | EUROFIT GROUP<\/h4>\r\n<p>Beratungsprojekt &#8220;Verbesserung der Projektmanagement-Richtlinie&#8221; | August 2022 &#8211; Februar 2024<\/p>\r\n<p>\u201eWir haben die Dienste von Sandy in Anspruch genommen, um unsere Projektmanager in unserem bestehenden APQP-Verfahren zu schulen. Bei der Vorbereitung der hochgradig ma\u00dfgeschneiderten Schulung ging sie jedoch \u00fcber das hinaus und lieferte unsch\u00e4tzbare Erkenntnisse, die zu einem weiteren Beratungsauftrag f\u00fchrten.<br \/>Sandy hat mir nicht nur dabei geholfen, die Verfahrensb\u00fcrokratie zu verschlanken, sondern sie hat auch erhebliche Verbesserungen vorgenommen, z. Einf\u00fchrung entscheidender Projektplanungsinstrumente im Verfahren, Verbesserung des Umgangs mit dem Risikomanagement, Schaffung von mehr Struktur oder Einf\u00fchrung eines Gesellschaftermanagements. Sie hat alle zugeh\u00f6rigen Vorlagen sorgf\u00e4ltig \u00fcberpr\u00fcft, verbessert und unsere XLS-Tools optimiert, wodurch deren Wirksamkeit erheblich gesteigert wurde.<br \/>Dar\u00fcber hinaus beriet Sandy unser Managementteam zum Thema effektives Sponsoring und stellte dabei ihre Flexibilit\u00e4t und ihren kundenorientierten Ansatz unter Beweis. Als Verantwortlicher f\u00fcr den Projektmanagementprozess bin ich beeindruckt von der bemerkenswerten Transformation, die Sandy mir geholfen hat, herbeizuf\u00fchren. Sie hat nicht nur unsere Verfahren verbessert, sondern auch meine Erwartungen \u00fcbertroffen.&#8221;<a href=\"https:\/\/maps.app.goo.gl\/S3ox3X3aArP14sDu9\">&gt;&gt; Google-Rezension<\/a><\/p>\r\n<p><img decoding=\"async\" title=\"\" src=\"https:\/\/aleksandra-civric-heim.com\/wp-content\/uploads\/bb-plugin\/cache\/Bildschirmfoto-2023-08-11-um-12.05.25_clipdrop-background-removal-e1708802890634-circle.png\" alt=\"\" \/><\/p>\r\n<h4 class=\"uabb-testimonial-author-name testimonial-author-name\">Mark Anneveld<\/h4>\r\n<p>Seminar \u201eProject Management following APQP&#8221;November 2023<\/p>\r\n<p>\u201eNach einigen Jahren Erfahrung im Projektmanagement hatte ich im Juni 2023 das Vergn\u00fcgen, einen neuen Methodenansatz zu erlernen und sah darin eine Gelegenheit, meine F\u00e4higkeiten aufzufrischen. Die f\u00fcr mich neue Methode ist f\u00fcr Projekte gedacht, bei denen am Ende ein Produkt entsteht.Trotz meiner Erfahrung hat Aleksandra mich mit einem pragmatischen Ansatz herausgefordert und mir einige neue interessante und effiziente Techniken beigebracht. Sie ist auch offen f\u00fcr Feedback und es besteht Offenheit f\u00fcr Mitgestaltung.Das macht es zu einem sehr kraftvollen und angenehmen Erlebnis, bei dem die Zeit wie im Flug vergeht. Ich kann Aleksandra wirklich empfehlen, um Ihnen dabei zu helfen, Professionalit\u00e4t zu erlangen und Ihre Projektmanagement-F\u00e4higkeiten und -Ans\u00e4tze zu optimieren. Es wird sich als sehr hilfreich erweisen.&#8221;<a href=\"https:\/\/maps.app.goo.gl\/6zXE9kXvgCbuvNx17\">&gt;&gt; Google-Rezension<\/a><\/p>\r\n<p><img decoding=\"async\" title=\"\" src=\"https:\/\/aleksandra-civric-heim.com\/wp-content\/uploads\/bb-plugin\/cache\/Bildschirmfoto-2023-08-11-um-12.05.25_clipdrop-background-removal-e1708802890634-circle.png\" alt=\"\" \/><\/p>\r\n<h4 class=\"uabb-testimonial-author-name testimonial-author-name\">Dr. Andreas ReuterSenior IP Counsel eines DAX-Unternehmens<\/h4>\r\n<p>Seminar \u201eLeading ProjectTeams&#8221;September 2023<\/p>\r\n<p>\u201eBeide Module des LPT haben mir wirklich gut gefallen und mich in meiner Projektleitung weitergebracht. Vielen Dank auch f\u00fcr die Vorlage f\u00fcr den Status Report auf einer Folie, das kommt beim Steering Committee sehr gut an. Auch die anderen Tools, Techniken und Denkanst\u00f6\u00dfe fand ich sehr hilfreich, vor allem das \u201eInner Team&#8221;, \u201eCoaching Attitude&#8221; und aus Modul 2 das \u201eTuckman Wheel&#8221;, \u201eCriticizising fairly&#8221;, \u201eConflict Management (Harvard Method)&#8221; und \u201eEskalationsmanagement&#8221;<\/p>\r\n<p><img decoding=\"async\" title=\"1676983985182_clipdrop-background-removal\" src=\"https:\/\/aleksandra-civric-heim.com\/wp-content\/uploads\/bb-plugin\/cache\/1676983985182_clipdrop-background-removal-circle.png\" alt=\"1676983985182_clipdrop-background-removal\" \/><\/p>\r\n<h4 class=\"uabb-testimonial-author-name testimonial-author-name\">Charu Kapila<\/h4>\r\n<p>Seminar \u201eTime and Self Management&#8221; Oktober 2022<\/p>\r\n<p>\u201eIch konnte die Impulse aus dem Seminar tats\u00e4chlich in meinen Alltag mitnehmen. Das Konzept des &#8220;Brain Dumps&#8221; war f\u00fcr mich eine gro\u00dfe Hilfe. Ich praktiziere es seit dem Tag, an dem ich von der Schulung zur\u00fcck in den Berufsalltag kam, und habe es nun mit Erfolg zur Gewohnheit werden lassen \ud83d\ude0a \u2026 Alles in allem hat mir das Zeit- und Selbstmanagement-Seminar unglaublich geholfen und ich habe es bei meinen Kollegen weiterempfohlen.&#8221;<\/p>\r\n<p><img decoding=\"async\" title=\"\" src=\"https:\/\/aleksandra-civric-heim.com\/wp-content\/uploads\/bb-plugin\/cache\/Bildschirmfoto-2023-08-11-um-12.05.25_clipdrop-background-removal-e1708802890634-circle.png\" alt=\"\" \/><\/p>\r\n<h4 class=\"uabb-testimonial-author-name testimonial-author-name\">Mert Keser<\/h4>\r\n<p>Seminar \u201eTime and Self Management&#8221;Oktober 2022<\/p>\r\n<p>\u201eIch habe k\u00fcrzlich einen Zeit- und Selbstmanagementkurs bei Aleksandra Civric-Heim abgeschlossen und k\u00f6nnte mit den Ergebnissen nicht zufriedener sein! Die Trainerin war sehr kompetent. Der Kurs war praktisch, ansprechend und f\u00fchrte zu einer deutlichen Steigerung meiner Produktivit\u00e4t. Sehr empfohlen f\u00fcr alle, die ihre Zeitmanagementf\u00e4higkeiten verbessern m\u00f6chten.&#8221;<a href=\"https:\/\/maps.app.goo.gl\/YcjDq7qwczKCJzmv7\">&gt;&gt; Google-Rezension<\/a><\/p>\r\n<p><img decoding=\"async\" title=\"\" src=\"https:\/\/aleksandra-civric-heim.com\/wp-content\/uploads\/bb-plugin\/cache\/Bildschirmfoto-2023-08-11-um-12.05.25_clipdrop-background-removal-e1708802890634-circle.png\" alt=\"\" \/><\/p>\r\n<h4 class=\"uabb-testimonial-author-name testimonial-author-name\">Danilo<\/h4>\r\n<p>Seminar \u201eTime and Self Management&#8221;Oktober 2022<\/p>\r\n<p>\u201eDas Zeit- und Selbstmanagement-Seminar war beeindruckend. Ich habe nicht viel erwartet, aber ich habe beschlossen, es auszuprobieren, obwohl ich einen engen Zeitplan hatte. Es war eine sehr gut genutzte Zeit. Das Seminar wurde sehr systematisch und ansprechend durchgef\u00fchrt und in einer spielerischen Art. Es gab mir die Werkzeuge, um mich zu organisieren und konzentriert zu bleiben. Dies alles f\u00fchrte dazu, dass ich einen realistischen Zeitplan hatte, dass ich mich bei der Planung meiner Handlungen positiv f\u00fchlte und schlie\u00dflich das Gef\u00fchl hatte, die Kontrolle \u00fcber meine Lebensziele zu haben. Vorher wusste ich nicht. mal, dass ich diesen Geisteszustand erreichen kann! Danke Aleksandra!&#8221;<\/p>\r\n<p><img decoding=\"async\" title=\"\" src=\"https:\/\/aleksandra-civric-heim.com\/wp-content\/uploads\/bb-plugin\/cache\/Bildschirmfoto-2023-08-11-um-12.05.25_clipdrop-background-removal-e1708802890634-circle.png\" alt=\"\" \/><\/p>\r\n<h4 class=\"uabb-testimonial-author-name testimonial-author-name\">AndreasBerechtigungsspezialist SAP<\/h4>\r\n<p>DHIT &#8220;Arbeitstechniken und Selbstmanagement in Projekten&#8221;November 2021<\/p>\r\n<p>&#8220;Das Training und die one-on-one-Coachings waren f\u00fcr mich eine Bereicherung.Gewohnheiten wurden hinterfragt und Hilfen gegeben. Diese flie\u00dfen nun in meine t\u00e4glichen Aufgabestellungen ein und erleichtern meinen Arbeitsalltag.&#8221;<\/p>\r\n<p><img decoding=\"async\" title=\"LF\" src=\"https:\/\/aleksandra-civric-heim.com\/wp-content\/uploads\/bb-plugin\/cache\/LF-e1702407781117-circle.jpg\" alt=\"LF\" \/><\/p>\r\n<h4 class=\"uabb-testimonial-author-name testimonial-author-name\">Leonhard Filler<\/h4>\r\n<p>Seminar &#8220;Leading Project Teams&#8221; September 2023<\/p>\r\n<p>\u201eDas Training Leading Project Teams hat viele langfristige Eindr\u00fccke hinterlassen und mir Ans\u00e4tze an die Hand gegeben, die ich bis heute anwende. Das Seminar hatte eine gute Balance aus Theorie und Praxis. Die Inhalte wurden nach Bedarf auf die Teilnehmer angepasst. Es wurde ein vertrauensvolles Umfeld geschaffen, indem jeder motiviert war, sich einzubringen. Das hat f\u00fcr sehr interessante und konstruktive Gespr\u00e4che gesorgt.Ich habe das Training allen Kollegen weiterempfohlen und werde es auch zuk\u00fcnftig neuen Kollegen empfehlen.&#8221;<\/p>\r\n<p><img decoding=\"async\" title=\"Foto\" src=\"https:\/\/aleksandra-civric-heim.com\/wp-content\/uploads\/bb-plugin\/cache\/Foto-e1704926330218-circle.jpg\" alt=\"Foto\" \/><\/p>\r\n<h4 class=\"uabb-testimonial-author-name testimonial-author-name\">Yigit YukselenSoftwareentwickler bei Continental ADC<\/h4>\r\n<p>Seminar \u201eTime and Self Management&#8221;Juni 2023<\/p>\r\n<p>\u201eAls Softwareentwickler bei Continental ADC nahm ich am Zeit- und Selbstmanagement-Seminar von Aleksandra Civric-Heim teil. Ich muss sagen, dass ich jede Minute davon genossen habe. Sie hat jedes Thema vorbereitet und pr\u00e4sentiert und den Ablauf des Seminars perfekt gemanagt. Sie h\u00f6rte jedem von uns pers\u00f6nlich zu und half, wenn einer von uns in den Pausen und auch nach dem Seminar ihre Hilfe zu einem Thema brauchte, das nicht zum Seminarinhalt geh\u00f6rte (aber dennoch in irgendeiner Weise damit zusammenhing). Die Erkenntnisse aus dem Seminar haben mein Arbeitsleben verbessert und ich sehe die Auswirkungen t\u00e4glich. Das ist Aleksandra zu verdanken.&#8221;<a href=\"https:\/\/maps.app.goo.gl\/25KxGkHZ3m7rt6VA6\">&gt;&gt; Google-Rezension<\/a><\/p>\r\n<p><img decoding=\"async\" title=\"Bildschirmfoto 2023-08-11 um 12.05.04_clipdrop-background-removal\" src=\"https:\/\/aleksandra-civric-heim.com\/wp-content\/uploads\/bb-plugin\/cache\/Bildschirmfoto-2023-08-11-um-12.05.04_clipdrop-background-removal-e1708803165460-circle.png\" alt=\"Bildschirmfoto 2023-08-11 um 12.05.04_clipdrop-background-removal\" \/><\/p>\r\n<h4 class=\"uabb-testimonial-author-name testimonial-author-name\">Birgit Brom<\/h4>\r\n<p>Seminar \u201eTime and Self Management&#8221;Oktober 2022<\/p>\r\n<p>\u201eIch habe am \u201aZeit- und Selbstmanagement-Seminar&#8217; teilgenommen und war absolut beeindruckt. Ich habe viel \u00fcber meine Pers\u00f6nlichkeit in Bezug auf Selbstmanagement und meinen Arbeitsstil gelernt und dar\u00fcber, wie ich produktiver sein kann und wann es am besten ist, die schwierigen Aufgaben anzugehen. Ich nutze die Methoden, die ich hier gelernt habe, seit ich von der Schulung zur\u00fcckgekommen bin jeden Tag, was gro\u00dfartig ist.Das gesamte Seminar war zu jeder Zeit organisiert, interessant, aber dennoch leicht und es war einfach, die ganze Zeit konzentriert zu bleiben. Ich habe es allen meinen Kollegen empfohlen und sollte f\u00fcr jeden ein \u201eMuss&#8221; sein.&#8221;<\/p>\r\n<p><img decoding=\"async\" title=\"\" src=\"https:\/\/aleksandra-civric-heim.com\/wp-content\/uploads\/bb-plugin\/cache\/Bildschirmfoto-2023-08-11-um-12.05.25_clipdrop-background-removal-e1708802890634-circle.png\" alt=\"\" \/><\/p>\r\n<h4 class=\"uabb-testimonial-author-name testimonial-author-name\">Alex<\/h4>\r\n<p>\u201eArbeitstechniken und Selbstmanagement in Projekten&#8221;Oktober 2022<\/p>\r\n<p>&#8220;Am meisten bringt mir die Reflexion \u00fcber mich selbst (also die Inhalte des ersten Tages). So wei\u00df ich nun, dass dann, wenn ich am produktivsten w\u00e4re, ich mein Tag zerkl\u00fcften muss (in den Morgenstunden bringe ich meinen Sohn in den Kindergarten. Das bereitete mir viele Schwierigkeiten nun wei\u00df ich auch warum&#8230; Langsam geht es.) Aufgaben die weniger Konzentration verlangen lege ich nun bewusst auf nach dem Mittagessen, die Zeit meiner geringsten Effizienz.&#8221;<\/p>\r\n<p><img decoding=\"async\" title=\"\" src=\"https:\/\/aleksandra-civric-heim.com\/wp-content\/uploads\/bb-plugin\/cache\/Bildschirmfoto-2023-08-11-um-12.05.25_clipdrop-background-removal-e1708802890634-circle.png\" alt=\"\" \/><\/p>\r\n<h4 class=\"uabb-testimonial-author-name testimonial-author-name\">Kaufm\u00e4nnischer Bereichsleiter eines Energiekonzernes<\/h4>\r\n<p>Bereichsinternes Training \u201eGrundlagen Projektmanagement&#8221;Mai 2022<\/p>\r\n<p>&#8220;Es gab sehr gutes Feedback von den Teilnehmern. Das lag im Wesentlichen daran, dass der Workshop ziemlich genau auf die Anforderungen und Bed\u00fcrfnisse der Teilnehmer zugeschnitten und nicht \u201evon der Stange&#8221; war. Es war sehr deutlich, dass die Trainerin viel Zeit und Gedanken in die Vorbereitung gesteckt hat und wir haben sehr davon profitiert. Sehr gut war auch, dass wir nicht durch das Programm \u201egehetzt&#8221; sind, sondern dort, wo die Trainerin offenbar einen Nerv getroffen hat (z.B. beim Slot \u201eF\u00fchren ohne formale F\u00fchrungskompetenz&#8221;) verweilen konnten und stattdessen f\u00fcr uns weniger wichtige Teile abgek\u00fcrzt haben.&#8221;<\/p>\r\n<p><img decoding=\"async\" title=\"\" src=\"https:\/\/aleksandra-civric-heim.com\/wp-content\/uploads\/bb-plugin\/cache\/Bildschirmfoto-2023-08-11-um-12.05.25_clipdrop-background-removal-e1708802890634-circle.png\" alt=\"\" \/><\/p>\r\n<h4 class=\"uabb-testimonial-author-name testimonial-author-name\">Fabio Nell<\/h4>\r\n<p>Seminar \u201eArbeitstechniken und Selbstmanagement in Projekten&#8221;Oktober 2022<\/p>\r\n<p>&#8220;Von dem Training habe ich wirklich sehr viel mitnehmen k\u00f6nnen und wende es auch noch regelm\u00e4\u00dfig an. Zum Beispiel nutze ich nun t\u00e4glich das To Do Tool von Microsoft und ich habe sowohl beruflich als auch privat meine Ordner nach PARA strukturiert. Ich habe 3 Monate nach dem Seminar mit meinem Lernpartner das empfohlene &#8216;Wrap up&#8217; gehabt&#8230; Wir haben uns schon den n\u00e4chsten Termin f\u00fcr April ausgemacht und wollen weiterhin in Kontakt bleiben.&#8221;<\/p>\r\n<p><img decoding=\"async\" title=\"\" src=\"https:\/\/aleksandra-civric-heim.com\/wp-content\/uploads\/bb-plugin\/cache\/Bildschirmfoto-2023-08-11-um-12.05.25_clipdrop-background-removal-e1708802890634-circle.png\" alt=\"\" \/><\/p>\r\n<h4 class=\"uabb-testimonial-author-name testimonial-author-name\">Dateininginieurer einer SW-Firmaim Bereich KI<\/h4>\r\n<p>Training \u201eSelbst- und Projektmanagement&#8221;Januar 2022<\/p>\r\n<p>&#8220;Ich habe bereits viele Konzepte aus dem Workshop angewendet, insbesondere die Risikobewertung bei Projekten war sehr hilfreich.&#8221;<\/p>\r\n<h2>M\u00f6chten auch Sie eine ma\u00dfgeschneiderte Ma\u00dfnahme f\u00fcr Ihre Produktivit\u00e4tssteigerung?<\/h2>\r\n<p>Meine Kunden best\u00e4tigen, dass sie durch die Zusammenarbeit mit mir ihre Produktivit\u00e4t nachhaltig steigern konnten. Wenn Sie das auch m\u00f6chten, buchen Sie hier jetzt Ihre unverbindliche Erstberatung.<\/p>\r\n<p><a href=\"https:\/\/outlook.office365.com\/owa\/calendar\/KostenloseErstberatungAleksandraCivricHeimconsultINGKopie@aleksandra-civric-heim.com\/bookings\/s\/ef_fWTKrLUyY-tcHEacV2Q2\" target=\"_blank\" rel=\"noopener nofollow\"> BUCHEN SIE JETZT IHRE WORKSHOP-\/MASSNAHMENBERATUNG <\/a><\/p>\r\n","protected":false},"excerpt":{"rendered":"<p>Was Kunden sagen Ich lege gro\u00dfen Wert auf Nachhaltigkeit und befrage meine Kunden grunds\u00e4tzlich Monate nach dem Abschluss einer Ma\u00dfnahme. Dieses Kundenfeedback ist entscheidend fu\u0308r meine weitere Produkt- und Methodenentwicklung. Au\u00dferdem stehen bei mir lange und vertrauensvolle Kundenbeziehungen im Mittelpunkt. Audrey MoutonGroup Quality Manager &amp; Project Management | EUROFIT GROUP Beratungsprojekt &#8220;Verbesserung der Projektmanagement-Richtlinie&#8221; | [&hellip;]<\/p>\n","protected":false},"author":1,"featured_media":0,"parent":0,"menu_order":0,"comment_status":"closed","ping_status":"closed","template":"","meta":{"site-sidebar-layout":"no-sidebar","site-content-layout":"page-builder","ast-site-content-layout":"full-width-container","site-content-style":"unboxed","site-sidebar-style":"unboxed","ast-global-header-display":"","ast-banner-title-visibility":"","ast-main-header-display":"","ast-hfb-above-header-display":"","ast-hfb-below-header-display":"","ast-hfb-mobile-header-display":"","site-post-title":"disabled","ast-breadcrumbs-content":"","ast-featured-img":"disabled","footer-sml-layout":"","theme-transparent-header-meta":"default","adv-header-id-meta":"","stick-header-meta":"default","header-above-stick-meta":"","header-main-stick-meta":"","header-below-stick-meta":"","astra-migrate-meta-layouts":"set","ast-page-background-enabled":"default","ast-page-background-meta":{"desktop":{"background-color":"","background-image":"","background-repeat":"repeat","background-position":"center center","background-size":"auto","background-attachment":"scroll","background-type":"","background-media":"","overlay-type":"","overlay-color":"","overlay-gradient":""},"tablet":{"background-color":"","background-image":"","background-repeat":"repeat","background-position":"center center","background-size":"auto","background-attachment":"scroll","background-type":"","background-media":"","overlay-type":"","overlay-color":"","overlay-gradient":""},"mobile":{"background-color":"","background-image":"","background-repeat":"repeat","background-position":"center center","background-size":"auto","background-attachment":"scroll","background-type":"","background-media":"","overlay-type":"","overlay-color":"","overlay-gradient":""}},"ast-content-background-meta":{"desktop":{"background-color":"var(--ast-global-color-5)","background-image":"","background-repeat":"repeat","background-position":"center center","background-size":"auto","background-attachment":"scroll","background-type":"","background-media":"","overlay-type":"","overlay-color":"","overlay-gradient":""},"tablet":{"background-color":"var(--ast-global-color-5)","background-image":"","background-repeat":"repeat","background-position":"center center","background-size":"auto","background-attachment":"scroll","background-type":"","background-media":"","overlay-type":"","overlay-color":"","overlay-gradient":""},"mobile":{"background-color":"var(--ast-global-color-5)","background-image":"","background-repeat":"repeat","background-position":"center center","background-size":"auto","background-attachment":"scroll","background-type":"","background-media":"","overlay-type":"","overlay-color":"","overlay-gradient":""}},"footnotes":""},"class_list":["post-1717","page","type-page","status-publish","hentry"],"_links":{"self":[{"href":"https:\/\/aleksandra-civric-heim.com\/en\/wp-json\/wp\/v2\/pages\/1717","targetHints":{"allow":["GET"]}}],"collection":[{"href":"https:\/\/aleksandra-civric-heim.com\/en\/wp-json\/wp\/v2\/pages"}],"about":[{"href":"https:\/\/aleksandra-civric-heim.com\/en\/wp-json\/wp\/v2\/types\/page"}],"author":[{"embeddable":true,"href":"https:\/\/aleksandra-civric-heim.com\/en\/wp-json\/wp\/v2\/users\/1"}],"replies":[{"embeddable":true,"href":"https:\/\/aleksandra-civric-heim.com\/en\/wp-json\/wp\/v2\/comments?post=1717"}],"version-history":[{"count":11,"href":"https:\/\/aleksandra-civric-heim.com\/en\/wp-json\/wp\/v2\/pages\/1717\/revisions"}],"predecessor-version":[{"id":2405,"href":"https:\/\/aleksandra-civric-heim.com\/en\/wp-json\/wp\/v2\/pages\/1717\/revisions\/2405"}],"wp:attachment":[{"href":"https:\/\/aleksandra-civric-heim.com\/en\/wp-json\/wp\/v2\/media?parent=1717"}],"curies":[{"name":"wp","href":"https:\/\/api.w.org\/{rel}","templated":true}]}}