{"id":1719,"date":"2023-08-03T15:45:12","date_gmt":"2023-08-03T13:45:12","guid":{"rendered":"https:\/\/aleksandra-civric-heim.com\/training-courses-and-workshops\/"},"modified":"2026-01-06T00:16:52","modified_gmt":"2026-01-05T23:16:52","slug":"training-courses-and-workshops","status":"publish","type":"page","link":"https:\/\/aleksandra-civric-heim.com\/en\/work-with-me\/training-courses-and-workshops\/","title":{"rendered":"Training courses and workshops"},"content":{"rendered":"\r\n<p><img loading=\"lazy\" decoding=\"async\" title=\"Web-Icon-Training\" src=\"https:\/\/aleksandra-civric-heim.com\/wp-content\/uploads\/2025\/01\/Web-Icon-Training-150x150.png\" alt=\"Web-Icon-Training\" width=\"150\" height=\"150\" \/><\/p>\r\n<h2>Workshops &amp; Seminare<\/h2>\r\n<p>In ma\u00dfgeschneiderten Trainings &amp; Workshops biete ich Ihnen wertvolle Impulse und begleite Sie &#8211; wenn Sie das w\u00fcnschen &#8211; auch bei der Umsetzung. Durch interaktive Formate, Zeit f\u00fcr Diskussonen und vieles mehr, werden Sie in einem inspirierenden Umfeld neue Perspektiven gewinnen.<\/p>\r\n<p><a href=\"https:\/\/outlook.office365.com\/owa\/calendar\/KostenloseErstberatungAleksandraCivricHeimconsultINGKopie@aleksandra-civric-heim.com\/bookings\/s\/ef_fWTKrLUyY-tcHEacV2Q2\" target=\"_self\" rel=\"nofollow\"> BUCHEN SIE JETZT IHRE WORKSHOP-\/MASSNAHMENBERATUNG <\/a> <img loading=\"lazy\" decoding=\"async\" title=\"_10a6699c-9d57-4eef-ba19-b537d84b6615\" src=\"https:\/\/aleksandra-civric-heim.com\/wp-content\/uploads\/2024\/02\/10a6699c-9d57-4eef-ba19-b537d84b6615.jpg\" alt=\"_10a6699c-9d57-4eef-ba19-b537d84b6615\" width=\"1023\" height=\"1021\" \/><\/p>\r\n<h2>Microsoft-Mania: Wie man sich einfach organisieren kann<\/h2>\r\n<p>Schluss mit dem Chaos und willkommen zu einem neuen Level der Produktivit\u00e4t! Hier werden nicht nur theoretische Grundlagen der Selbstorganisation vermittelt, sondern auch jede Menge praktische Tipps und Tricks, die das Leben einfacher machen. Wir sehen uns an, was es im Microsoft-Universum alles gibt und wof\u00fcr es gedacht ist &#8211; in einer Live-Demo. Zeit f\u00fcr Fragen und Diskussion ist ebenfalls eingeplant.<\/p>\r\n<p><a id=\"fl-accordion--label-0\" tabindex=\"0\" aria-controls=\"fl-accordion--panel-0\"><\/a>Microsoft-Mania: Wie man sich einfach organisieren kann | Live-Online-Training am 17.06.2025 um 13:00 Uhr <a id=\"fl-accordion--icon-0\" tabindex=\"-1\" href=\"#\" aria-controls=\"fl-accordion--panel-0\"><i>Expand<\/i><\/a><\/p>\r\n<p><a href=\"https:\/\/events.teams.microsoft.com\/event\/31cc7602-cee9-44b3-97f6-6563bbbfff6e@da57e226-2f0d-4307-be48-b2f068165891\"><strong>Klicken Sie hier, um sich f\u00fcr das Live-Online-Training anzumelden.<\/strong><\/a><\/p>\r\n<p>&nbsp;<\/p>\r\n<p><a id=\"fl-accordion--label-1\" tabindex=\"0\" aria-controls=\"fl-accordion--panel-1\"><\/a>Ihren individuellen Workshop planen <a id=\"fl-accordion--icon-1\" tabindex=\"-1\" href=\"#\" aria-controls=\"fl-accordion--panel-1\"><i>Expand<\/i><\/a><\/p>\r\n<p>Wir definieren eine einmalige Mischung aus fundiertem Know-how-Input und direkter Anwendung auf Ihre individuellen F\u00e4lle. Von der Priorisierung Ihrer Aufgaben bis hin zur klaren Zielfindung, von effizienten Meetings bis hin zur Selbstorganisation im heutigen Tool-Dschungel. Von hilfreichen Arbeitsmethoden bis hin zu pers\u00f6nlichen Gewohnheiten, wir definieren, was Sie und Ihr Team ben\u00f6tigen, z.B. als ein halb- oder ganzt\u00e4giges Seminar an Ihrem Standort oder virtuell.<\/p>\r\n<p><a href=\"https:\/\/outlook.office365.com\/owa\/calendar\/KostenloseErstberatungAleksandraCivricHeimconsultINGKopie@aleksandra-civric-heim.com\/bookings\/s\/ef_fWTKrLUyY-tcHEacV2Q2\" target=\"_blank\" rel=\"noopener\"><strong>Klicken Sie hier, um jetzt Ihre pers\u00f6nliche Workshopberatung zu vereinbaren!<\/strong><\/a><\/p>\r\n<p>&nbsp;<\/p>\r\n<h2>Stark im Projektgesch\u00e4ft: Selbstmanagement f\u00fcr Profis<\/h2>\r\n<p>In einer Welt voller komplexer Projekte und anspruchsvoller Aufgaben ist es entscheidend, den \u00dcberblick zu behalten und effizient zu arbeiten. Doch wie schafft man es, inmitten dieses Chaos&#8217; ruhig und fokussiert zu bleiben?<\/p>\r\n<p>In diesem Seminar lernen Sie nicht nur, wie Sie sich Dschungel selbst organisieren sondern auch wie Sie mit den Herausforderungen des Projektgesch\u00e4fts souver\u00e4n umgehen.\u00a0 Lassen Sie uns gemeinsam den Weg zur Selbstmanagement-Exzellenz im Projektgesch\u00e4ft erkunden!<\/p>\r\n<p><a id=\"fl-accordion--label-0\" tabindex=\"0\" aria-controls=\"fl-accordion--panel-0\"><\/a>DHIT\u00ae: Selbstmanagement in Projekten &#8211; Mein pers\u00f6nlicher Methodenmix | 05.05 &amp; 19.05 &amp; 02.06.2025 | online <a id=\"fl-accordion--icon-0\" tabindex=\"-1\" href=\"#\" aria-controls=\"fl-accordion--panel-0\"><i>Expand<\/i><\/a><\/p>\r\n<p>Das innovative Format DHIT &#8211; Digital High Intensity Trainings\u00ae &#8211; erm\u00f6glicht eine intensive und hochindividuelle Lernreise in Kleingruppen.<\/p>\r\n<p>Unser Arbeitsumfeld ver\u00e4ndert sich stetig, die Anforderungen &#8211; gerade in Projekten &#8211; ebenfalls. Daher macht es Sinn, seine Arbeitsweise und Gewohnheiten zu \u00fcberpr\u00fcfen und gegebenenfalls durch bessere zu ersetzten.<\/p>\r\n<p>virtuelle Lernreise bestehend aus: Kick-Off (1,5 Std) und Modul 1 + 2 (je 3 Std) und insgesamt 90Min 1:1 Einzelcoaching<\/p>\r\n<p><strong><a href=\"https:\/\/www.contur-online.de\/seminare\/dhit-arbeitstechniken-und-selbstmanagement-in-projekten\/\" target=\"_blank\" rel=\"noopener\">Klicken Sie hier, um zum buchbaren Angebot \u00fcber meinen Partner CONTUR zu gelangen.<\/a><\/strong><\/p>\r\n<p><a id=\"fl-accordion--label-1\" tabindex=\"0\" aria-controls=\"fl-accordion--panel-1\"><\/a>Seminar &#8220;Arbeitstechniken und Selbstmanagement in Projekten&#8221; | 23.09. &#8211; 24.09.2025 | Frankfurt <a id=\"fl-accordion--icon-1\" tabindex=\"-1\" href=\"#\" aria-controls=\"fl-accordion--panel-1\"><i>Expand<\/i><\/a><\/p>\r\n<p>Unser Arbeitsumfeld ver\u00e4ndert sich stetig, die Anforderungen &#8211; gerade in Projekten &#8211; ebenfalls. Daher macht es Sinn, seine Arbeitsweise und Gewohnheiten zu \u00fcberpr\u00fcfen und gegebenenfalls durch bessere zu ersetzten.<\/p>\r\n<p><strong><a href=\"https:\/\/www.contur-online.de\/seminare\/arbeitstechniken-und-selbstmanagement-in-projekten\/\" target=\"_blank\" rel=\"noopener\">Klicken Sie hier, um zum buchbaren Angebot \u00fcber meinen Partner CONTUR zu gelangen.<\/a><\/strong><\/p>\r\n<p>&nbsp;<\/p>\r\n<p><a id=\"fl-accordion--label-2\" tabindex=\"0\" aria-controls=\"fl-accordion--panel-2\"><\/a>Ihren individuellen Workshop planen <a id=\"fl-accordion--icon-2\" tabindex=\"-1\" href=\"#\" aria-controls=\"fl-accordion--panel-2\"><i>Expand<\/i><\/a><\/p>\r\n<p>Wir definieren eine einmalige Mischung aus fundiertem Know-how-Input und direkter Anwendung auf Ihre individuellen F\u00e4lle. Von der Priorisierung Ihrer Aufgaben bis hin zur klaren Zielfindung, von effizienten Meetings bis hin zur Selbstorganisation im heutigen Tool-Dschungel. Von hilfreichen Arbeitsmethoden bis hin zu pers\u00f6nlichen Gewohnheiten, wir definieren, was Sie und Ihr Team ben\u00f6tigen, z.B. als zweit\u00e4giges Seminar an Ihrem Standort oder als sog. &#8220;Learner Journey&#8221;: 3 Veranstaltungen \u00fcber ca. 1 Monat verteilt:<\/p>\r\n<ul>\r\n<li>Kick Off (1,5 Stunden, virtuell)<\/li>\r\n<li>Pr\u00e4senz-Veranstaltung (1 Tag)<\/li>\r\n<li>Follow-up (nach 2-3 Wochen, 2-3 Stunden, virtuell oder in Pr\u00e4senz)<\/li>\r\n<\/ul>\r\n<p><a href=\"https:\/\/outlook.office365.com\/owa\/calendar\/KostenloseErstberatungAleksandraCivricHeimconsultINGKopie@aleksandra-civric-heim.com\/bookings\/s\/ef_fWTKrLUyY-tcHEacV2Q2\" target=\"_blank\" rel=\"noopener\"><strong>Klicken Sie hier, um jetzt Ihre pers\u00f6nliche Workshopberatung zu vereinbaren!<\/strong><\/a><\/p>\r\n<p>&nbsp;<\/p>\r\n<p><img loading=\"lazy\" decoding=\"async\" title=\"DALL\u00b7E 2023-03-08 10.34.03 - collaboration team business smart phone computer\" src=\"https:\/\/aleksandra-civric-heim.com\/wp-content\/uploads\/2023\/11\/DALL\u00b7E-2023-03-08-10.34.03-collaboration-team-business-smart-phone-computer.png\" alt=\"DALL\u00b7E 2023-03-08 10.34.03 - collaboration team business smart phone computer\" width=\"1024\" height=\"1024\" \/> <img loading=\"lazy\" decoding=\"async\" title=\"arrows-3452579 (2)\" src=\"https:\/\/aleksandra-civric-heim.com\/wp-content\/uploads\/2023\/11\/arrows-3452579-2-scaled.jpg\" alt=\"arrows-3452579 (2)\" width=\"2560\" height=\"1640\" \/><\/p>\r\n<h2>Kopfzerbrechen war gestern: Probleme l\u00f6sen leicht gemacht<\/h2>\r\n<p>Haben Sie sich schon mal gefragt, warum manche Menschen scheinbar m\u00fchelos Probleme l\u00f6sen, w\u00e4hrend andere in einem endlosen Entscheidungsdschungel stecken bleiben?<\/p>\r\n<p>In diesem Seminar lernen Sie nicht nur, wie Sie Hindernisse aus dem Weg r\u00e4umen, sondern auch, wie Sie gute Entscheidungen treffen, die nicht nur klug, sondern auch unterhaltsam sind! Packen Sie Ihre Denk-M\u00fctze ein und lassen Sie uns gemeinsam den Knoten im Kopf entwirren!<\/p>\r\n<p><a id=\"fl-accordion--label-0\" tabindex=\"0\" aria-controls=\"fl-accordion--panel-0\"><\/a>Seminar &#8220;PEA &#8211; Problem- und Entscheidungsanalyse&#8221; | 04.11. &#8211; 05.11.2025 | Frankfurt <a id=\"fl-accordion--icon-0\" tabindex=\"-1\" href=\"#\" aria-controls=\"fl-accordion--panel-0\"><i>Expand<\/i><\/a><\/p>\r\n<p><strong>Orientiert an der Methodik Kepner-Tregoe<\/strong><\/p>\r\n<p>In diesem zweit\u00e4gigen Pr\u00e4senzseminar wird das Know-How der Situations-, Problem-, Entscheidungsanalyse sowie die Risikoanalyse vermittelt und ge\u00fcbt.<\/p>\r\n<p><strong><a href=\"https:\/\/www.contur-online.de\/seminare\/pea-problem-und-entscheidungsanalyse\/\" target=\"_blank\" rel=\"noopener\">Klicken Sie hier, um zum buchbaren Angebot \u00fcber meinen Partner CONTUR zu gelangen.<\/a><\/strong><\/p>\r\n<p><a id=\"fl-accordion--label-1\" tabindex=\"0\" aria-controls=\"fl-accordion--panel-1\"><\/a>Ihren individuellen Workshop planen <a id=\"fl-accordion--icon-1\" tabindex=\"-1\" href=\"#\" aria-controls=\"fl-accordion--panel-1\"><i>Expand<\/i><\/a><\/p>\r\n<p>Wir definieren eine einmalige Mischung aus fundiertem Know-How-Input und direkter Anwendung auf Ihre individuellen F\u00e4lle. Von der Analyse Ihrer Probleme bis hin zu kreativen L\u00f6sungsans\u00e4tzen und der Bewertung von Risiken und Chancen, wir definieren, was Sie und Ihr Team ben\u00f6tigen, z.B. als zweit\u00e4giges Seminar an Ihrem Standort oder als sog. &#8220;Learner Journey&#8221;: 3 Veranstaltungen \u00fcber ca. 1 Monat verteilt:<\/p>\r\n<ul>\r\n<li>Kick Off (1,5 Stunden, virtuell)<\/li>\r\n<li>Pr\u00e4senz-Veranstaltung (1 Tag)<\/li>\r\n<li>Follow-up (nach 2-3 Wochen, 2-3 Stunden, virtuell oder in Pr\u00e4senz)<\/li>\r\n<\/ul>\r\n<p><a href=\"https:\/\/outlook.office365.com\/owa\/calendar\/KostenloseErstberatungAleksandraCivricHeimconsultINGKopie@aleksandra-civric-heim.com\/bookings\/s\/ef_fWTKrLUyY-tcHEacV2Q2\" target=\"_blank\" rel=\"noopener\"><strong>Klicken Sie hier, um jetzt Ihre pers\u00f6nliche Workshopberatung zu vereinbaren!<\/strong><\/a><\/p>\r\n<h2>Professionell Pr\u00e4sentieren: \u00dcberzeugen vor Ort und im virtuellen Raum<\/h2>\r\n<p>Sicher sind auch Ihre Tage voll mit Meetings und Pr\u00e4sentationen. Hier ist es entscheidend, sich klar und \u00fcberzeugend auszudr\u00fccken &#8211; egal ob vor Ort oder online. Doch wie schafft man es, inmitten dieser Herausforderungen pr\u00e4sent und souver\u00e4n zu wirken? In diesem Workshop lernen Sie nicht nur, wie Sie Ihre Botschaft wirkungsvoll vermitteln, sondern auch, wie Sie mit den speziellen Anforderungen von Pr\u00e4senz- und Online-Pr\u00e4sentationen umgehen.<\/p>\r\n<p><a id=\"fl-accordion--label-0\" tabindex=\"0\" aria-controls=\"fl-accordion--panel-0\"><\/a>Seminar &#8220;Professionell Pr\u00e4sentieren&#8221; | 30.09, 14.+15.10, 21.10.2025 | virtuell &amp; Regensburg <a id=\"fl-accordion--icon-0\" tabindex=\"-1\" href=\"#\" aria-controls=\"fl-accordion--panel-0\"><i>Expand<\/i><\/a> <strong>Eine interessante und Abwechlungsreiche Lernreise&#8230;<br \/><\/strong><\/p>\r\n<p>..um zielgruppengerecht und lebhaft in Pr\u00e4senz und virtuell zu pr\u00e4sentieren.<\/p>\r\n<p>Wir starten mit einem Online-Modul (30.09.2025, 09:00-13:00). Nach einer Transferzeit folgt das zweit\u00e4gige Pr\u00e4senzseminar. Nach einer weiteren Transferphase folgt ein weiteres Online-Modul (21.10.2025, 09:00-13:00).<\/p>\r\n<p><strong><a href=\"https:\/\/www.contur-online.de\/seminare\/professionell-praesentieren\/\" target=\"_blank\" rel=\"noopener\">Klicken Sie hier, um zum buchbaren Angebot \u00fcber meinen Partner CONTUR zu gelangen.<\/a><\/strong><\/p>\r\n<p><a id=\"fl-accordion--label-1\" tabindex=\"0\" aria-controls=\"fl-accordion--panel-1\"><\/a>Ihren individuellen Workshop planen <a id=\"fl-accordion--icon-1\" tabindex=\"-1\" href=\"#\" aria-controls=\"fl-accordion--panel-1\"><i>Expand<\/i><\/a><\/p>\r\n<p>Wir definieren einen abwechslungsreichen Mix aus fundiertem Know-how-Input und direkter Anwendung auf Ihre individuellen Pr\u00e4sentationssituationen lernen Sie, wie Sie Ihre Zielgruppe und Ziele klar definieren, Pr\u00e4sentationen strukturiert aufbauen, mit einem \u00fcberzeugenden Auftreten und Wirkung punkten, Visualisierungen und Medien optimal einsetzen. Wie w\u00e4re es mit Storytelling, um Ihre Botschaften lebendig und einpr\u00e4gsam gestalten? Wir definieren, was Sie und Ihr Team ben\u00f6tigen, z.B. als sog. &#8220;Learner Journey&#8221;: 3 Veranstaltungen \u00fcber ca. 1 Monat verteilt:<\/p>\r\n<ul>\r\n<li>Kick Off (1,5 Stunden, virtuell)<\/li>\r\n<li>Pr\u00e4senz-Veranstaltung (1 Tag)<\/li>\r\n<li>Follow-up (nach 2-3 Wochen, 2-3 Stunden, virtuell oder in Pr\u00e4senz)<\/li>\r\n<\/ul>\r\n<p><a href=\"https:\/\/outlook.office365.com\/owa\/calendar\/KostenloseErstberatungAleksandraCivricHeimconsultINGKopie@aleksandra-civric-heim.com\/bookings\/s\/ef_fWTKrLUyY-tcHEacV2Q2\" target=\"_blank\" rel=\"noopener\"><strong>Klicken Sie hier, um jetzt Ihre pers\u00f6nliche Workshopberatung zu vereinbaren!<\/strong><\/a><\/p>\r\n<p><img loading=\"lazy\" decoding=\"async\" title=\"woman-4702060_1920\" src=\"https:\/\/aleksandra-civric-heim.com\/wp-content\/uploads\/2024\/02\/woman-4702060_1920.jpg\" alt=\"woman-4702060_1920\" width=\"1920\" height=\"1281\" \/> <img loading=\"lazy\" decoding=\"async\" title=\"business-8676559_1280\" src=\"https:\/\/aleksandra-civric-heim.com\/wp-content\/uploads\/2024\/04\/business-8676559_1280.jpg\" alt=\"business-8676559_1280\" width=\"1280\" height=\"717\" \/><\/p>\r\n<h2>Effektive Kommunikation und Teamarbeit: Hinter die Kulissen der menschlichen Kommunikation blicken<\/h2>\r\n<p>Man kann nur so effektiv sein, wie die eigene Kommunikation effektiv ist. Nat\u00fcrlich sind alle Methoden und Prozesse wichtig, aber wir alle arbeiten in Teams. Diese sind dynamischer und diverser denn je. Arbeiten Sie daran, Ihre eigene Kommunikationsf\u00e4higkeit verbessern, aber auch die Teamdynamik und Kooperation im Team zu st\u00e4rken. Lernen Sie auch, wie Sie Ihre F\u00fchrungskompetenz weiterentwickeln und Ihre Teammitglieder motivieren und unterst\u00fctzen k\u00f6nnen.<\/p>\r\n<p><a id=\"fl-accordion--label-0\" tabindex=\"0\" aria-controls=\"fl-accordion--panel-0\"><\/a>Ihren individuellen Workshop planen <a id=\"fl-accordion--icon-0\" tabindex=\"-1\" href=\"#\" aria-controls=\"fl-accordion--panel-0\"><i>Expand<\/i><\/a><\/p>\r\n<p>Wir definieren eine einmalige Mischung aus fundiertem Know-How-Input und direkter Anwendung auf Ihre individuellen F\u00e4lle. Von der Analyse Ihrer Probleme bis hin zu kreativen L\u00f6sungsans\u00e4tzen und der Bewertung von Risiken und Chancen, wir definieren, was Sie und Ihr Team ben\u00f6tigen, z.B. als zweit\u00e4giges Seminar an Ihrem Standort oder als sog. &#8220;Learner Journey&#8221;: 3 Veranstaltungen \u00fcber ca. 1 Monat verteilt:<\/p>\r\n<ul>\r\n<li>Kick Off (1,5 Stunden, virtuell)<\/li>\r\n<li>Pr\u00e4senz-Veranstaltung (1 Tag)<\/li>\r\n<li>Follow-up (nach 2-3 Wochen, 2-3 Stunden, virtuell oder in Pr\u00e4senz)<\/li>\r\n<\/ul>\r\n<p><a href=\"https:\/\/outlook.office365.com\/owa\/calendar\/KostenloseErstberatungAleksandraCivricHeimconsultINGKopie@aleksandra-civric-heim.com\/bookings\/s\/ef_fWTKrLUyY-tcHEacV2Q2\" target=\"_blank\" rel=\"noopener\"><strong>Klicken Sie hier, um jetzt Ihre pers\u00f6nliche Workshopberatung zu vereinbaren!<\/strong><\/a><\/p>\r\n<h3>Um \u00fcber k\u00fcnftige Events und Neuigkeiten informiert zu bleiben&#8230;<\/h3>\r\n<p>&#8230; melden Sie sich gerne hier zu meinem monatlichen Newsletter an.<\/p>\r\n<p><a href=\"https:\/\/forms.office.com\/e\/yDnKaBcfi4\" target=\"_blank\" rel=\"noopener nofollow\"> Anmeldung zum Newsletter <\/a><\/p>\r\n<h3>Mehr ma\u00dfgeschneiderte Workshops oder Trainings<\/h3>\r\n<p><strong>Meiner Erfahrung nach sind individuell gestaltete Workshops effektiver und nachhaltiger. Besprechen Sie mit mir, wie ein ma\u00dfgeschneiderter Workshops f\u00fcr Sie und Ihr Team aussehen k\u00f6nnte.<br \/><\/strong> <a id=\"fl-tabs--label-0\" tabindex=\"0\" role=\"tab\" href=\"#\" data-index=\"0\" aria-selected=\"true\" aria-controls=\"fl-tabs--panel-0\" aria-expanded=\"true\"> Team-Turbo <\/a> <a id=\"fl-tabs--label-1\" tabindex=\"0\" role=\"tab\" href=\"#\" data-index=\"1\" aria-selected=\"false\" aria-controls=\"fl-tabs--panel-1\" aria-expanded=\"false\"> Self &amp; Project Mastery <\/a> <a id=\"fl-tabs--label-2\" tabindex=\"0\" role=\"tab\" href=\"#\" data-index=\"2\" aria-selected=\"false\" aria-controls=\"fl-tabs--panel-2\" aria-expanded=\"false\"> Projektmanagement &amp; Teamf\u00fchrung <\/a> <a id=\"fl-tabs--label-3\" tabindex=\"0\" role=\"tab\" href=\"#\" data-index=\"3\" aria-selected=\"false\" aria-controls=\"fl-tabs--panel-3\" aria-expanded=\"false\"> Qualifizierung f\u00fcr die Berufsausbildung <\/a> Team-Turbo<\/p>\r\n<p><img loading=\"lazy\" decoding=\"async\" src=\"https:\/\/aleksandra-civric-heim.com\/wp-content\/uploads\/2023\/08\/186ead1561d7b070bc26e2e33e33e39c373a39f1-150x150.jpg\" alt=\"\" width=\"150\" height=\"150\" \/><strong>Team-Turbo: Wie Sie die Produktivit\u00e4t Ihres Teams auf Hochtouren bringen<\/strong><\/p>\r\n<p>Unsere Arbeitswelt bringt st\u00e4ndig Ver\u00e4nderungen mit sich und stellt uns vor sehr komplexe Aufgaben. Daher ist es unverzichtbar, dass Teams effizient und harmonisch zusammenarbeiten und dabei die unternehmerischen wie auch pers\u00f6nlichen Ziele erreichen.<\/p>\r\n<p>Wir k\u00f6nnen gemeinsam erarbeiten, wie Sie Ihre Produktivit\u00e4t steigern k\u00f6nnen, indem Sie das Selbstmanagement verbessern, die Projektmanagement-F\u00e4higkeiten ausbauen und Ihre Prozesse effektiv gestalten. Holen Sie sich Impulse, wie sie die Teamdynamik verbessern und noch bessere Absprachen zur Kooperation treffen k\u00f6nnen, um die Teamleistung zu maximieren. Lassen Sie uns gemeinsam den Weg zur Team-Exzellenz und Produktivit\u00e4tssteigerung erkunden, z.B. als sog. &#8220;Learner Journey&#8221;: 3 Veranstaltungen \u00fcber ca. 1 Monat verteilt:<\/p>\r\n<ul>\r\n<li>Kick Off (1,5 Stunden, virtuell)<\/li>\r\n<li>Pr\u00e4senz-Veranstaltung (1 Tag)<\/li>\r\n<li>Follow-up (nach 2-3 Wochen, 2-3 Stunden, virtuell oder in Pr\u00e4senz)<\/li>\r\n<\/ul>\r\n<p>Self &amp; Project Mastery<\/p>\r\n<p><img loading=\"lazy\" decoding=\"async\" src=\"https:\/\/aleksandra-civric-heim.com\/wp-content\/uploads\/2023\/06\/03-28-150x150.jpg\" alt=\"\" width=\"150\" height=\"150\" \/><strong>Self &amp; Project Mastery: Gro\u00dfe Aufgaben angehen und erfolgreich zum Ende bringen!<\/strong><\/p>\r\n<p>Die Projekte und Aufgaben, mit denen wir uns heutzutage besch\u00e4ftigen werden immer komplexer und die Schlagzahl der Ver\u00e4nderungen, die wir erleben, erh\u00f6ht sich auch st\u00e4ndig. Wer hier den \u00dcberblick beh\u00e4lt und effizient Ziele erreicht, ist im Vorteil. Holen Sie sich Impulse, welches Mindset und welche Tools Sie nach vorne bringen k\u00f6nnen. Lernen Sie, wie Sie komplexe Aufgaben managen k\u00f6nnen, indem Sie Ihre Projektmanagement-F\u00e4higkeiten optimieren und Ihre Prozesse effektiv gestalten.<\/p>\r\n<p>Lassen Sie uns gemeinsam den Weg zur Selbst- und Projektmanagement-Exzellenz erkunden, z.B. als sog. &#8220;Learner Journey&#8221;: 3 Veranstaltungen \u00fcber ca. 3 Monate verteilt:<\/p>\r\n<ul>\r\n<li>Kick Off (1,5 Stunden, virtuell)<\/li>\r\n<li>3X Pr\u00e4senz-Veranstaltung (1 Tag\/ Monat)<\/li>\r\n<li>Follow-up (nach 2-3 Wochen, 2-3 Stunden, virtuell oder in Pr\u00e4senz)<\/li>\r\n<\/ul>\r\n<p>Projektmanagement &amp; Teamf\u00fchrung <img loading=\"lazy\" decoding=\"async\" src=\"https:\/\/aleksandra-civric-heim.com\/wp-content\/uploads\/2023\/11\/jason-goodman-tHO1_OuKbg0-unsplash-150x150.jpg\" alt=\"\" width=\"150\" height=\"150\" \/><strong>Projektmanagement und Teamarbeit: Projekte scheitern selten an der Technik, meist an den Menschen&#8230;<br \/><\/strong><\/p>\r\n<p>Was geh\u00f6rt zu erfolgreichem Projektemanagement? Was hilft wirklich praktisch vor Ort im Team? Wie motiviere ich mich und andere? Wie behalte ich den \u00dcberblick? Wie stelle ich Ownership sicher? Und was ist mit all den virtuellen Meetings, die ich halten muss &#8211; auch interkultiurell? Fragen \u00fcber Fragen, aber Hile und Unterst\u00fctzung ist in Sicht!<\/p>\r\n<p>Lassen Sie uns gemeinsam den Weg zur effektiven Projektteamf\u00fchrung erkunden, z.B. als sog. &#8220;Learner Journey&#8221;: Mehrere Veranstaltungen \u00fcber ca. 2-3 Monate verteilt:<\/p>\r\n<ul>\r\n<li>Kick Off (2 Tage in Pr\u00e4senz)<\/li>\r\n<li>Halbtages-Veranstaltungen (2-3 Stunden, virtuell in Abst\u00e4nden von einer Woche \u00fcr 1-3 Monate)<\/li>\r\n<li>Abschluss (1 Tag in Pr\u00e4senz)<\/li>\r\n<\/ul>\r\n<p>Qualifizierung f\u00fcr die Berufsausbildung<\/p>\r\n<p>Als ehemalige Ausbilderin f\u00fcr duale Studierende biete ich zus\u00e4tzlich zu meinen Angeboten f\u00fcr Fach- und F\u00fchrungskr\u00e4fte auch ma\u00dfgeschneiderte L\u00f6sungen speziell f\u00fcr duale Studierende und Ausbildende an.<\/p>\r\n<p><a href=\"https:\/\/sway.cloud.microsoft\/oAuArQgAoB5iLrsr?ref=Link\"> Erfahren Sie hier mehr dar\u00fcber<\/a>.<br \/><a href=\"https:\/\/outlook.office365.com\/owa\/calendar\/KostenloseErstberatungAleksandraCivricHeimconsultINGKopie@aleksandra-civric-heim.com\/bookings\/s\/ef_fWTKrLUyY-tcHEacV2Q2\" target=\"_self\" rel=\"nofollow\"> WORKSHOP-\/MASSNAHMENBERATUNG BUCHEN <\/a><\/p>\r\n<h3>Um \u00fcber k\u00fcnftige Events und Neuigkeiten informiert zu bleiben&#8230;<\/h3>\r\n<p>&#8230; melden Sie sich gerne hier zu meinem monatlichen Newsletter an.<\/p>\r\n<p><a href=\"https:\/\/forms.office.com\/e\/yDnKaBcfi4\" target=\"_blank\" rel=\"noopener nofollow\"> Anmeldung zum Newsletter <\/a><\/p>\r\n","protected":false},"excerpt":{"rendered":"<p>Workshops &amp; Seminare In ma\u00dfgeschneiderten Trainings &amp; Workshops biete ich Ihnen wertvolle Impulse und begleite Sie &#8211; wenn Sie das w\u00fcnschen &#8211; auch bei der Umsetzung. Durch interaktive Formate, Zeit f\u00fcr Diskussonen und vieles mehr, werden Sie in einem inspirierenden Umfeld neue Perspektiven gewinnen. BUCHEN SIE JETZT IHRE WORKSHOP-\/MASSNAHMENBERATUNG Microsoft-Mania: Wie man sich einfach organisieren [&hellip;]<\/p>\n","protected":false},"author":1,"featured_media":0,"parent":1716,"menu_order":2,"comment_status":"closed","ping_status":"closed","template":"","meta":{"site-sidebar-layout":"no-sidebar","site-content-layout":"page-builder","ast-site-content-layout":"full-width-container","site-content-style":"unboxed","site-sidebar-style":"unboxed","ast-global-header-display":"","ast-banner-title-visibility":"","ast-main-header-display":"","ast-hfb-above-header-display":"","ast-hfb-below-header-display":"","ast-hfb-mobile-header-display":"","site-post-title":"disabled","ast-breadcrumbs-content":"","ast-featured-img":"disabled","footer-sml-layout":"","theme-transparent-header-meta":"default","adv-header-id-meta":"","stick-header-meta":"default","header-above-stick-meta":"","header-main-stick-meta":"","header-below-stick-meta":"","astra-migrate-meta-layouts":"set","ast-page-background-enabled":"default","ast-page-background-meta":{"desktop":{"background-color":"","background-image":"","background-repeat":"repeat","background-position":"center center","background-size":"auto","background-attachment":"scroll","background-type":"","background-media":"","overlay-type":"","overlay-color":"","overlay-gradient":""},"tablet":{"background-color":"","background-image":"","background-repeat":"repeat","background-position":"center center","background-size":"auto","background-attachment":"scroll","background-type":"","background-media":"","overlay-type":"","overlay-color":"","overlay-gradient":""},"mobile":{"background-color":"","background-image":"","background-repeat":"repeat","background-position":"center center","background-size":"auto","background-attachment":"scroll","background-type":"","background-media":"","overlay-type":"","overlay-color":"","overlay-gradient":""}},"ast-content-background-meta":{"desktop":{"background-color":"var(--ast-global-color-5)","background-image":"","background-repeat":"repeat","background-position":"center center","background-size":"auto","background-attachment":"scroll","background-type":"","background-media":"","overlay-type":"","overlay-color":"","overlay-gradient":""},"tablet":{"background-color":"var(--ast-global-color-5)","background-image":"","background-repeat":"repeat","background-position":"center center","background-size":"auto","background-attachment":"scroll","background-type":"","background-media":"","overlay-type":"","overlay-color":"","overlay-gradient":""},"mobile":{"background-color":"var(--ast-global-color-5)","background-image":"","background-repeat":"repeat","background-position":"center center","background-size":"auto","background-attachment":"scroll","background-type":"","background-media":"","overlay-type":"","overlay-color":"","overlay-gradient":""}},"footnotes":""},"class_list":["post-1719","page","type-page","status-publish","hentry"],"_links":{"self":[{"href":"https:\/\/aleksandra-civric-heim.com\/en\/wp-json\/wp\/v2\/pages\/1719","targetHints":{"allow":["GET"]}}],"collection":[{"href":"https:\/\/aleksandra-civric-heim.com\/en\/wp-json\/wp\/v2\/pages"}],"about":[{"href":"https:\/\/aleksandra-civric-heim.com\/en\/wp-json\/wp\/v2\/types\/page"}],"author":[{"embeddable":true,"href":"https:\/\/aleksandra-civric-heim.com\/en\/wp-json\/wp\/v2\/users\/1"}],"replies":[{"embeddable":true,"href":"https:\/\/aleksandra-civric-heim.com\/en\/wp-json\/wp\/v2\/comments?post=1719"}],"version-history":[{"count":6,"href":"https:\/\/aleksandra-civric-heim.com\/en\/wp-json\/wp\/v2\/pages\/1719\/revisions"}],"predecessor-version":[{"id":2482,"href":"https:\/\/aleksandra-civric-heim.com\/en\/wp-json\/wp\/v2\/pages\/1719\/revisions\/2482"}],"up":[{"embeddable":true,"href":"https:\/\/aleksandra-civric-heim.com\/en\/wp-json\/wp\/v2\/pages\/1716"}],"wp:attachment":[{"href":"https:\/\/aleksandra-civric-heim.com\/en\/wp-json\/wp\/v2\/media?parent=1719"}],"curies":[{"name":"wp","href":"https:\/\/api.w.org\/{rel}","templated":true}]}}