{"id":2238,"date":"2024-12-14T21:08:10","date_gmt":"2024-12-14T20:08:10","guid":{"rendered":"https:\/\/aleksandra-civric-heim.com\/coaching\/"},"modified":"2025-01-23T21:19:30","modified_gmt":"2025-01-23T20:19:30","slug":"coaching","status":"publish","type":"page","link":"https:\/\/aleksandra-civric-heim.com\/en\/work-with-me\/coaching\/","title":{"rendered":"Coaching"},"content":{"rendered":"\n\n\t\t\t\t<img loading=\"lazy\" decoding=\"async\" src=\"https:\/\/aleksandra-civric-heim.com\/wp-content\/uploads\/2024\/02\/Bild1-150x150.png\" alt=\"Bild1\" itemprop=\"image\" height=\"150\" width=\"150\" title=\"Bild1\" onerror=\"this.style.display='none'\"  \/>\n<h2>\n\t\tBusiness-Coaching\n\t<\/h2>\n\t<p><strong>Sie m\u00f6chten ganz individuell an bestimmten Themen arbeiten um, ihre eigene Produktivit\u00e4t zu erh\u00f6hen? Ich unterst\u00fctze Sie dabei, Ihre individuellen Ziele zu definieren und konkrete Schritte zur Umsetzung zu planen. Ich biete Ihnen einen wertsch\u00e4tzenden Raum zum Denken und Wachsen.<\/strong><\/p>\n<p><strong>Lernen Sie mich doch einfach pers\u00f6nlich kennen, bevor Sie sich f\u00fcr mich entscheiden.<\/strong><\/p>\n\t\t\t<a href=\"https:\/\/outlook.office365.com\/book\/Coaching@aleksandra-civric-heim.com\/\" target=\"_blank\" rel=\"noopener\">\n\t\t\t\t\t\tCoaching \/ Chemistry Meeting buchen\n\t\t\t\t\t<\/a>\n\n","protected":false},"excerpt":{"rendered":"<p>Business-Coaching Sie m\u00f6chten ganz individuell an bestimmten Themen arbeiten um, ihre eigene Produktivit\u00e4t zu erh\u00f6hen? Ich unterst\u00fctze Sie dabei, Ihre individuellen Ziele zu definieren und konkrete Schritte zur Umsetzung zu planen. Ich biete Ihnen einen wertsch\u00e4tzenden Raum zum Denken und Wachsen. Lernen Sie mich doch einfach pers\u00f6nlich kennen, bevor Sie sich f\u00fcr mich entscheiden. Coaching [&hellip;]<\/p>\n","protected":false},"author":2,"featured_media":0,"parent":1716,"menu_order":1,"comment_status":"closed","ping_status":"closed","template":"","meta":{"site-sidebar-layout":"no-sidebar","site-content-layout":"page-builder","ast-site-content-layout":"default","site-content-style":"default","site-sidebar-style":"default","ast-global-header-display":"","ast-banner-title-visibility":"","ast-main-header-display":"","ast-hfb-above-header-display":"","ast-hfb-below-header-display":"","ast-hfb-mobile-header-display":"","site-post-title":"disabled","ast-breadcrumbs-content":"","ast-featured-img":"disabled","footer-sml-layout":"","theme-transparent-header-meta":"default","adv-header-id-meta":"","stick-header-meta":"default","header-above-stick-meta":"","header-main-stick-meta":"","header-below-stick-meta":"","astra-migrate-meta-layouts":"default","ast-page-background-enabled":"default","ast-page-background-meta":{"desktop":{"background-color":"","background-image":"","background-repeat":"repeat","background-position":"center center","background-size":"auto","background-attachment":"scroll","background-type":"","background-media":"","overlay-type":"","overlay-color":"","overlay-gradient":""},"tablet":{"background-color":"","background-image":"","background-repeat":"repeat","background-position":"center center","background-size":"auto","background-attachment":"scroll","background-type":"","background-media":"","overlay-type":"","overlay-color":"","overlay-gradient":""},"mobile":{"background-color":"","background-image":"","background-repeat":"repeat","background-position":"center center","background-size":"auto","background-attachment":"scroll","background-type":"","background-media":"","overlay-type":"","overlay-color":"","overlay-gradient":""}},"ast-content-background-meta":{"desktop":{"background-color":"var(--ast-global-color-5)","background-image":"","background-repeat":"repeat","background-position":"center center","background-size":"auto","background-attachment":"scroll","background-type":"","background-media":"","overlay-type":"","overlay-color":"","overlay-gradient":""},"tablet":{"background-color":"var(--ast-global-color-5)","background-image":"","background-repeat":"repeat","background-position":"center center","background-size":"auto","background-attachment":"scroll","background-type":"","background-media":"","overlay-type":"","overlay-color":"","overlay-gradient":""},"mobile":{"background-color":"var(--ast-global-color-5)","background-image":"","background-repeat":"repeat","background-position":"center center","background-size":"auto","background-attachment":"scroll","background-type":"","background-media":"","overlay-type":"","overlay-color":"","overlay-gradient":""}},"footnotes":""},"class_list":["post-2238","page","type-page","status-publish","hentry"],"_links":{"self":[{"href":"https:\/\/aleksandra-civric-heim.com\/en\/wp-json\/wp\/v2\/pages\/2238","targetHints":{"allow":["GET"]}}],"collection":[{"href":"https:\/\/aleksandra-civric-heim.com\/en\/wp-json\/wp\/v2\/pages"}],"about":[{"href":"https:\/\/aleksandra-civric-heim.com\/en\/wp-json\/wp\/v2\/types\/page"}],"author":[{"embeddable":true,"href":"https:\/\/aleksandra-civric-heim.com\/en\/wp-json\/wp\/v2\/users\/2"}],"replies":[{"embeddable":true,"href":"https:\/\/aleksandra-civric-heim.com\/en\/wp-json\/wp\/v2\/comments?post=2238"}],"version-history":[{"count":2,"href":"https:\/\/aleksandra-civric-heim.com\/en\/wp-json\/wp\/v2\/pages\/2238\/revisions"}],"predecessor-version":[{"id":2364,"href":"https:\/\/aleksandra-civric-heim.com\/en\/wp-json\/wp\/v2\/pages\/2238\/revisions\/2364"}],"up":[{"embeddable":true,"href":"https:\/\/aleksandra-civric-heim.com\/en\/wp-json\/wp\/v2\/pages\/1716"}],"wp:attachment":[{"href":"https:\/\/aleksandra-civric-heim.com\/en\/wp-json\/wp\/v2\/media?parent=2238"}],"curies":[{"name":"wp","href":"https:\/\/api.w.org\/{rel}","templated":true}]}}