{"id":2245,"date":"2024-12-14T21:22:15","date_gmt":"2024-12-14T20:22:15","guid":{"rendered":"https:\/\/aleksandra-civric-heim.com\/work-with-me\/productivity-diagnosis\/"},"modified":"2025-01-23T21:19:58","modified_gmt":"2025-01-23T20:19:58","slug":"productivity-diagnosis","status":"publish","type":"page","link":"https:\/\/aleksandra-civric-heim.com\/en\/work-with-me\/productivity-diagnosis\/","title":{"rendered":"Productivity diagnosis"},"content":{"rendered":"\n\n\t\t\t\t<img loading=\"lazy\" decoding=\"async\" src=\"https:\/\/aleksandra-civric-heim.com\/wp-content\/uploads\/2023\/05\/Trainings-und-Workshops-150x150.png\" alt=\"Trainings-und-Workshops\" itemprop=\"image\" height=\"150\" width=\"150\" title=\"Trainings-und-Workshops\" onerror=\"this.style.display='none'\"  \/>\n<h2>\n\t\tProduktivit\u00e4tsdiagnose\n\t<\/h2>\n<h3>\n\t\tEntdecken Sie Ihr Potenzial\n\t<\/h3>\n\t<p><strong>Sie stehen vor komplexen Herausforderungen in Ihrem Unternehmen und ben\u00f6tigen einen erfahrenen Berater, der Sie auf Ihrem Weg zum Erfolg begleitet? Gemeinsam k\u00f6nnen wir Ihre ma\u00dfgeschneiderte Produktivit\u00e4ts-L\u00f6sung entwickeln, um Ihre individuellen Herausforderungen zu meistern und Ihre Ziele zu erreichen.<\/strong><\/p>\n<p><strong>Ihre Produktivit\u00e4tsdiagnose in 3 Schritten:<\/strong><\/p>\n\t\t\t\t\t\t\t\t<a href=\"https:\/\/outlook.office365.com\/owa\/calendar\/KostenloseErstberatungAleksandraCivricHeimconsultINGKopie@aleksandra-civric-heim.com\/bookings\/\" target=\"_blank\" rel=\"noopener nofollow\">\n\t\t\t\t\t\t<\/a>\n\t<h3><a href=\"https:\/\/outlook.office365.com\/owa\/calendar\/KostenloseErstberatungAleksandraCivricHeimconsultINGKopie@aleksandra-civric-heim.com\/bookings\/\" target=\"_blank\"  rel=\"noopener nofollow\">Ihr Termin<\/a><\/h3><p>W\u00e4hlen Sie einen fu\u0308r sich passenden Termin. Nutzen Sie dazu einfach den untenstehenden Link zum Buchungs-Kalender von Microsoft (Bookings).<\/p>\n\t\t\t\t\t\t\t\t<a href=\"https:\/\/outlook.office365.com\/owa\/calendar\/KostenloseErstberatungAleksandraCivricHeimconsultINGKopie@aleksandra-civric-heim.com\/bookings\/\" target=\"_blank\" rel=\"noopener nofollow\">\n\t\t\t\t\t\t<\/a>\n\t<h3><a href=\"https:\/\/outlook.office365.com\/owa\/calendar\/KostenloseErstberatungAleksandraCivricHeimconsultINGKopie@aleksandra-civric-heim.com\/bookings\/\" target=\"_blank\"  rel=\"noopener nofollow\">Ihr Thema<\/a><\/h3><p>Hinterlassen Sie mir gerne ein paar Stichpunkte zu Ihrem Thema, damit ich mich auf die Beratung einstimmen kann.<\/p>\n\t\t\t\t\t\t\t\t<a href=\"https:\/\/outlook.office365.com\/owa\/calendar\/KostenloseErstberatungAleksandraCivricHeimconsultINGKopie@aleksandra-civric-heim.com\/bookings\/\" target=\"_blank\" rel=\"noopener nofollow\">\n\t\t\t\t\t\t<\/a>\n\t<h3><a href=\"https:\/\/outlook.office365.com\/owa\/calendar\/KostenloseErstberatungAleksandraCivricHeimconsultINGKopie@aleksandra-civric-heim.com\/bookings\/\" target=\"_blank\"  rel=\"noopener nofollow\">Ihre Beratung<\/a><\/h3><p>Ich analysiere Ihre Produktivit\u00e4tssituation und Optimierungspotenzial, um effektive und passende Ans\u00e4tze zur Produktivit\u00e4tssteigerung zu bestimmen.<\/p>\n\t\t\t<a href=\"https:\/\/outlook.office365.com\/owa\/calendar\/KostenloseErstberatungAleksandraCivricHeimconsultINGKopie@aleksandra-civric-heim.com\/bookings\/s\/I0St_1ban0yIMV5Ewb_nQg2\" target=\"_self\">\n\t\t\t\t\t\tBUCHEN SIE JETZT IHRE PRODUKTIVIT\u00c4TSDIAGNOSE\n\t\t\t\t\t<\/a>\n\t<p><strong>In meiner l\u00f6sungsorientierten Erstberatung (ca. 45 Minuten) erhalten Sie wertvolle Einblicke in Ihre Ist-Situation und Sie \u00f6ffnen Ihren Blick dafu\u0308r, wie Sie die Produktivit\u00e4t in Ihrem Bereich steigern k\u00f6nnten. Selbst wenn Sie sich am Ende nicht fu\u0308r eine Zusammenarbeit mit mir entscheiden, profitieren Sie von einem tieferen Verst\u00e4ndnis Ihrer Herausforderungen und m\u00f6glichen L\u00f6sungsans\u00e4tzen. Mein Ziel ist es, Ihnen einen klaren Weg zu zeigen, wie Sie Ihre produktivit\u00e4ts-Ziele erreichen k\u00f6nnen. Nehmen Sie das kostenfreie Gespr\u00e4ch wahr und entdecken Sie verborgene Potenziale Ihrer Organisation!<\/strong><\/p>\n\n","protected":false},"excerpt":{"rendered":"<p>Produktivit\u00e4tsdiagnose Entdecken Sie Ihr Potenzial Sie stehen vor komplexen Herausforderungen in Ihrem Unternehmen und ben\u00f6tigen einen erfahrenen Berater, der Sie auf Ihrem Weg zum Erfolg begleitet? Gemeinsam k\u00f6nnen wir Ihre ma\u00dfgeschneiderte Produktivit\u00e4ts-L\u00f6sung entwickeln, um Ihre individuellen Herausforderungen zu meistern und Ihre Ziele zu erreichen. Ihre Produktivit\u00e4tsdiagnose in 3 Schritten: Ihr Termin W\u00e4hlen Sie einen fu\u0308r [&hellip;]<\/p>\n","protected":false},"author":2,"featured_media":0,"parent":1716,"menu_order":3,"comment_status":"closed","ping_status":"closed","template":"","meta":{"site-sidebar-layout":"no-sidebar","site-content-layout":"page-builder","ast-site-content-layout":"full-width-container","site-content-style":"unboxed","site-sidebar-style":"unboxed","ast-global-header-display":"","ast-banner-title-visibility":"","ast-main-header-display":"","ast-hfb-above-header-display":"","ast-hfb-below-header-display":"","ast-hfb-mobile-header-display":"","site-post-title":"disabled","ast-breadcrumbs-content":"disabled","ast-featured-img":"disabled","footer-sml-layout":"","theme-transparent-header-meta":"disabled","adv-header-id-meta":"","stick-header-meta":"default","header-above-stick-meta":"","header-main-stick-meta":"","header-below-stick-meta":"","astra-migrate-meta-layouts":"default","ast-page-background-enabled":"default","ast-page-background-meta":{"desktop":{"background-color":"","background-image":"","background-repeat":"repeat","background-position":"center center","background-size":"auto","background-attachment":"scroll","background-type":"","background-media":"","overlay-type":"","overlay-color":"","overlay-gradient":""},"tablet":{"background-color":"","background-image":"","background-repeat":"repeat","background-position":"center center","background-size":"auto","background-attachment":"scroll","background-type":"","background-media":"","overlay-type":"","overlay-color":"","overlay-gradient":""},"mobile":{"background-color":"","background-image":"","background-repeat":"repeat","background-position":"center center","background-size":"auto","background-attachment":"scroll","background-type":"","background-media":"","overlay-type":"","overlay-color":"","overlay-gradient":""}},"ast-content-background-meta":{"desktop":{"background-color":"var(--ast-global-color-5)","background-image":"","background-repeat":"repeat","background-position":"center center","background-size":"auto","background-attachment":"scroll","background-type":"","background-media":"","overlay-type":"","overlay-color":"","overlay-gradient":""},"tablet":{"background-color":"var(--ast-global-color-5)","background-image":"","background-repeat":"repeat","background-position":"center center","background-size":"auto","background-attachment":"scroll","background-type":"","background-media":"","overlay-type":"","overlay-color":"","overlay-gradient":""},"mobile":{"background-color":"var(--ast-global-color-5)","background-image":"","background-repeat":"repeat","background-position":"center center","background-size":"auto","background-attachment":"scroll","background-type":"","background-media":"","overlay-type":"","overlay-color":"","overlay-gradient":""}},"footnotes":""},"class_list":["post-2245","page","type-page","status-publish","hentry"],"_links":{"self":[{"href":"https:\/\/aleksandra-civric-heim.com\/en\/wp-json\/wp\/v2\/pages\/2245","targetHints":{"allow":["GET"]}}],"collection":[{"href":"https:\/\/aleksandra-civric-heim.com\/en\/wp-json\/wp\/v2\/pages"}],"about":[{"href":"https:\/\/aleksandra-civric-heim.com\/en\/wp-json\/wp\/v2\/types\/page"}],"author":[{"embeddable":true,"href":"https:\/\/aleksandra-civric-heim.com\/en\/wp-json\/wp\/v2\/users\/2"}],"replies":[{"embeddable":true,"href":"https:\/\/aleksandra-civric-heim.com\/en\/wp-json\/wp\/v2\/comments?post=2245"}],"version-history":[{"count":2,"href":"https:\/\/aleksandra-civric-heim.com\/en\/wp-json\/wp\/v2\/pages\/2245\/revisions"}],"predecessor-version":[{"id":2365,"href":"https:\/\/aleksandra-civric-heim.com\/en\/wp-json\/wp\/v2\/pages\/2245\/revisions\/2365"}],"up":[{"embeddable":true,"href":"https:\/\/aleksandra-civric-heim.com\/en\/wp-json\/wp\/v2\/pages\/1716"}],"wp:attachment":[{"href":"https:\/\/aleksandra-civric-heim.com\/en\/wp-json\/wp\/v2\/media?parent=2245"}],"curies":[{"name":"wp","href":"https:\/\/api.w.org\/{rel}","templated":true}]}}